{"id":1993,"date":"2025-03-18T18:22:11","date_gmt":"2025-03-18T16:22:11","guid":{"rendered":"https:\/\/femmetality.com\/?page_id=1993"},"modified":"2026-02-09T19:27:30","modified_gmt":"2026-02-09T17:27:30","slug":"welche-icon-bin-ich","status":"publish","type":"page","link":"https:\/\/femmetality.com\/en\/welche-icon-bin-ich\/","title":{"rendered":"Which ICON am I?"},"content":{"rendered":"\t\t<div data-elementor-type=\"wp-page\" data-elementor-id=\"1993\" class=\"elementor elementor-1993\" data-elementor-post-type=\"page\">\n\t\t\t\t<div class=\"elementor-element elementor-element-9422d24 e-flex e-con-boxed e-con e-parent\" data-id=\"9422d24\" data-element_type=\"container\" data-e-type=\"container\" data-settings=\"{&quot;background_background&quot;:&quot;classic&quot;}\">\n\t\t\t\t\t<div class=\"e-con-inner\">\n\t\t<div class=\"elementor-element elementor-element-bacee49 e-con-full e-transform e-flex e-con e-child\" data-id=\"bacee49\" data-element_type=\"container\" data-e-type=\"container\" data-settings=\"{&quot;background_background&quot;:&quot;classic&quot;,&quot;_transform_rotateZ_effect_hover&quot;:{&quot;unit&quot;:&quot;px&quot;,&quot;size&quot;:-1,&quot;sizes&quot;:[]},&quot;_transform_rotateZ_effect_hover_tablet&quot;:{&quot;unit&quot;:&quot;deg&quot;,&quot;size&quot;:&quot;&quot;,&quot;sizes&quot;:[]},&quot;_transform_rotateZ_effect_hover_mobile&quot;:{&quot;unit&quot;:&quot;deg&quot;,&quot;size&quot;:&quot;&quot;,&quot;sizes&quot;:[]}}\">\n\t\t\t\t<div class=\"elementor-element elementor-element-0a976e8 elementor-widget elementor-widget-heading\" data-id=\"0a976e8\" data-element_type=\"widget\" data-e-type=\"widget\" data-widget_type=\"heading.default\">\n\t\t\t\t\t<h2 class=\"elementor-heading-title elementor-size-default\">Welche ICON bin ICH?\n<\/h2>\t\t\t\t<\/div>\n\t\t\t\t<div class=\"elementor-element elementor-element-aa3fead elementor-widget elementor-widget-text-editor\" data-id=\"aa3fead\" data-element_type=\"widget\" data-e-type=\"widget\" data-widget_type=\"text-editor.default\">\n\t\t\t\t\t\t\t\t\t<p>Finde heraus welche ICON in dir schlummert und lerne Ihre Macht f\u00fcr dich zu nutzen.<\/p>\t\t\t\t\t\t\t\t<\/div>\n\t\t\t\t<\/div>\n\t\t<div class=\"elementor-element elementor-element-42d5603 e-con-full e-flex e-con e-child\" data-id=\"42d5603\" data-element_type=\"container\" data-e-type=\"container\">\n\t\t\t\t<\/div>\n\t\t\t\t\t<\/div>\n\t\t\t\t<\/div>\n\t\t<div class=\"elementor-element elementor-element-1816c37 e-flex e-con-boxed e-con e-parent\" data-id=\"1816c37\" data-element_type=\"container\" data-e-type=\"container\">\n\t\t\t\t\t<div class=\"e-con-inner\">\n\t\t<div class=\"elementor-element elementor-element-6c2ab55 e-con-full e-flex e-con e-child\" data-id=\"6c2ab55\" data-element_type=\"container\" data-e-type=\"container\">\n\t\t\t\t<div class=\"elementor-element elementor-element-f8447f5 elementor-widget elementor-widget-femqz2_quiz\" data-id=\"f8447f5\" data-element_type=\"widget\" data-e-type=\"widget\" data-widget_type=\"femqz2_quiz.default\">\n\t\t\t\t<div class=\"elementor-widget-container\">\n\t\t\t\t\t\t\t<div class=\"femqz2-wrap\" id=\"femqz2_2740_8393\" data-femqz2=\"{&quot;intro&quot;:{&quot;title&quot;:&quot;Welche ICON bin ich?&quot;,&quot;subtitle&quot;:&quot;Finde heraus welche ICON in dir schlummert und lerne Ihre Macht f\\u00fcr dich zu nutzen.&quot;},&quot;questions&quot;:[{&quot;q&quot;:&quot;Mein gr\\u00f6\\u00dftes Problem ist\\u2026&quot;,&quot;options&quot;:[{&quot;letter&quot;:&quot;a&quot;,&quot;label&quot;:&quot;Zu wenig Selbstvertrauen, Selbstbewustsein&quot;},{&quot;letter&quot;:&quot;b&quot;,&quot;label&quot;:&quot;Meine Zeiteinteilung&quot;},{&quot;letter&quot;:&quot;c&quot;,&quot;label&quot;:&quot;Bin \\u00fcberfordert&quot;},{&quot;letter&quot;:&quot;d&quot;,&quot;label&quot;:&quot;Gleichgesinnte zu finden&quot;}]},{&quot;q&quot;:&quot;Meine gr\\u00f6\\u00dfte Kraft ist\\u2026&quot;,&quot;options&quot;:[{&quot;letter&quot;:&quot;a&quot;,&quot;label&quot;:&quot;Kreativit\\u00e4t&quot;},{&quot;letter&quot;:&quot;b&quot;,&quot;label&quot;:&quot;Mut&quot;},{&quot;letter&quot;:&quot;c&quot;,&quot;label&quot;:&quot;Durschhalteverm\\u00f6gen&quot;},{&quot;letter&quot;:&quot;d&quot;,&quot;label&quot;:&quot;Gesch\\u00e4ftssinn&quot;},{&quot;letter&quot;:&quot;e&quot;,&quot;label&quot;:&quot;Sexyness&quot;}]},{&quot;q&quot;:&quot;Wenn ich kritisiert werde nennt man mich\\u2026&quot;,&quot;options&quot;:[{&quot;letter&quot;:&quot;a&quot;,&quot;label&quot;:&quot;Nervig, laut , verr\\u00fcckt&quot;},{&quot;letter&quot;:&quot;b&quot;,&quot;label&quot;:&quot;Seltsam , anders, anstrengend&quot;},{&quot;letter&quot;:&quot;c&quot;,&quot;label&quot;:&quot;Materiellistisch, k\\u00fchl&quot;},{&quot;letter&quot;:&quot;d&quot;,&quot;label&quot;:&quot;Introvertiert, eitel, eingbildet&quot;}]},{&quot;q&quot;:&quot;W\\u00e4rst du eine ICON w\\u00fcrdest du...&quot;,&quot;options&quot;:[{&quot;letter&quot;:&quot;a&quot;,&quot;label&quot;:&quot;Die Macht nutzen&quot;},{&quot;letter&quot;:&quot;b&quot;,&quot;label&quot;:&quot;Von allen gemocht und geliebt werden&quot;},{&quot;letter&quot;:&quot;c&quot;,&quot;label&quot;:&quot;Dir von niemanden was sagen lassen&quot;},{&quot;letter&quot;:&quot;d&quot;,&quot;label&quot;:&quot;Andere ICONS inspirieren&quot;}]},{&quot;q&quot;:&quot;Ich f\\u00fchle mich am besten wenn\\u2026&quot;,&quot;options&quot;:[{&quot;letter&quot;:&quot;a&quot;,&quot;label&quot;:&quot;mich andere begehren&quot;},{&quot;letter&quot;:&quot;b&quot;,&quot;label&quot;:&quot;ich mehr Zeit h\\u00e4tte&quot;},{&quot;letter&quot;:&quot;c&quot;,&quot;label&quot;:&quot;alles organisiert ist&quot;},{&quot;letter&quot;:&quot;d&quot;,&quot;label&quot;:&quot;ich anderen helfen kann&quot;}]},{&quot;q&quot;:&quot;Ich bin...&quot;,&quot;options&quot;:[{&quot;letter&quot;:&quot;a&quot;,&quot;label&quot;:&quot;Student&quot;},{&quot;letter&quot;:&quot;b&quot;,&quot;label&quot;:&quot;Angestellter&quot;},{&quot;letter&quot;:&quot;c&quot;,&quot;label&quot;:&quot;Selbstst\\u00e4ndiger&quot;},{&quot;letter&quot;:&quot;d&quot;,&quot;label&quot;:&quot;Arbeitssuchend&quot;},{&quot;letter&quot;:&quot;e&quot;,&quot;label&quot;:&quot;Unternehmer&quot;}]}],&quot;results&quot;:{&quot;MM&quot;:{&quot;title&quot;:&quot;Marilyn Monroe&quot;,&quot;desc&quot;:&quot;Aha du wei\\u00dft wie du bekommst was du willst! Sch\\u00f6nheit und Sinnlichkeit: Marilyn Monroes Sch\\u00f6nheit und Sinnlichkeit waren legend\\u00e4r. Ihr Stil, ihre blonden Locken und ihre ikonischen Kleider trugen dazu bei, dass sie zu einem Symbol der Weiblichkeit und Sex-Appeal wurde. &quot;,&quot;image&quot;:&quot;https:\\\/\\\/femmetality.com\\\/wp-content\\\/uploads\\\/2026\\\/02\\\/marilyn-monroe-dans-la-scene-de-la-jupe1-212x3001-1.jpg&quot;},&quot;SL&quot;:{&quot;title&quot;:&quot;Sophia Loren&quot;,&quot;desc&quot;:&quot;WoW in dir schlummert Sch\\u00f6nheit und Eleganz der Loren. Sie wurde f\\u00fcr ihre atemberaubende Sch\\u00f6nheit und Eleganz bewundert. Ihr Stil und ihre Ausstrahlung haben sie zu einer Symbolfigur f\\u00fcr Mode und Glamour gemacht. &quot;,&quot;image&quot;:&quot;https:\\\/\\\/femmetality.com\\\/wp-content\\\/uploads\\\/2026\\\/02\\\/sophia-loren-nomad-art-and-design1-231x3001-1.jpg&quot;},&quot;GK&quot;:{&quot;title&quot;:&quot;Grace Kelly&quot;,&quot;desc&quot;:&quot;Als F\\u00fcrstin von Monaco setzte sich Grace Kelly f\\u00fcr wohlt\\u00e4tige Zwecke und humanit\\u00e4re Projekte ein. Ihr Engagement f\\u00fcr soziale Belange trug dazu bei, ihre Wirkung als Pers\\u00f6nlichkeit zu vergr\\u00f6\\u00dfern. In dir schlummert.&quot;,&quot;image&quot;:&quot;https:\\\/\\\/femmetality.com\\\/wp-content\\\/uploads\\\/2026\\\/02\\\/PGF-USA_Grace-Kelly_51-257x3001-1.jpg&quot;},&quot;AH&quot;:{&quot;title&quot;:&quot;Audrey Hepburn&quot;,&quot;desc&quot;:&quot;An dich erinnert mann sich!    Nat\\u00fcrliche Sch\\u00f6nheit und Ausstrahlung: Audrey Hepburns nat\\u00fcrliche Sch\\u00f6nheit, gepaart mit ihrer Anmut und Ausstrahlung, machten sie zu einem einzigartigen und unvergesslichen Bildschirmgesicht. &quot;,&quot;image&quot;:&quot;https:\\\/\\\/femmetality.com\\\/wp-content\\\/uploads\\\/2026\\\/02\\\/51ZnZHMDboL._AC_UF8941000_QL80_1-300x3001-1.jpg&quot;}},&quot;map&quot;:{&quot;a&quot;:&quot;MM&quot;,&quot;b&quot;:&quot;SL&quot;,&quot;c&quot;:&quot;GK&quot;,&quot;d&quot;:&quot;AH&quot;},&quot;tieBreak&quot;:&quot;MM, SL, GK, AH&quot;,&quot;ui&quot;:{&quot;show_breakdown&quot;:true,&quot;back_label&quot;:&quot;Zur\\u00fcck&quot;,&quot;next_label&quot;:&quot;N\\u00e4chste&quot;,&quot;reset_label&quot;:&quot;Zur\\u00fccksetzen&quot;,&quot;show_result_label&quot;:&quot;Ergebnis anzeigen&quot;}}\">\n\t\t\t<div class=\"femqz2-left\">\n\t\t\t\t<div class=\"femqz2-head\">\n\t\t\t\t\t<h2 class=\"femqz2-h\"><\/h2>\n\t\t\t\t\t<p class=\"femqz2-sub\"><\/p>\n\t\t\t\t<\/div>\n\n\t\t\t\t<div class=\"femqz2-progress\">\n\t\t\t\t\t<div class=\"femqz2-progress-bar\"><span><\/span><\/div>\n\t\t\t\t\t<div class=\"femqz2-progress-text\" aria-live=\"polite\"><\/div>\n\t\t\t\t<\/div>\n\n\t\t\t\t<div class=\"femqz2-step\" aria-live=\"polite\"><\/div>\n\n\t\t\t\t<div class=\"femqz2-nav\">\n\t\t\t\t\t<button type=\"button\" class=\"femqz2-btn femqz2-prev\" disabled>Zur\u00fcck<\/button>\n\t\t\t\t\t<button type=\"button\" class=\"femqz2-btn femqz2-next\" disabled>N\u00e4chste<\/button>\n\t\t\t\t\t<button type=\"button\" class=\"femqz2-btn femqz2-reset\">Zur\u00fccksetzen<\/button>\n\t\t\t\t<\/div>\n\n\t\t\t\t<div class=\"femqz2-end\" style=\"display:none;\">\n\t\t\t\t\t<button type=\"button\" class=\"femqz2-btn femqz2-show-result\">Ergebnis anzeigen<\/button>\n\t\t\t\t<\/div>\n\t\t\t<\/div>\n\n\t\t\t<aside class=\"femqz2-right\">\n\t\t\t\t<div class=\"femqz2-card\">\n\t\t\t\t\t<div class=\"femqz2-card-title\">Dein Ergebnis<\/div>\n\t\t\t\t\t<div class=\"femqz2-card-status\">Beantworte die Fragen, um dein Ergebnis zu sehen.<\/div>\n\n\t\t\t\t\t<div class=\"femqz2-card-result\" style=\"display:none;\">\n\t\t\t\t\t\t<div class=\"femqz2-result-image\" style=\"display:none;\"><\/div>\n\t\t\t\t\t\t<div class=\"femqz2-result-name\"><\/div>\n\t\t\t\t\t\t<div class=\"femqz2-result-desc\"><\/div>\n\t\t\t\t\t\t<div class=\"femqz2-breakdown\"><\/div>\n\t\t\t\t\t<\/div>\n\t\t\t\t<\/div>\n\t\t\t<\/aside>\n\t\t<\/div>\n\t\t\t\t\t\t<\/div>\n\t\t\t\t<\/div>\n\t\t\t\t<\/div>\n\t\t\t\t\t<\/div>\n\t\t\t\t<\/div>\n\t\t\t\t<\/div>\n\t\t","protected":false},"excerpt":{"rendered":"<p>Welche ICON bin ICH? Finde heraus welche ICON in dir schlummert und lerne Ihre Macht f\u00fcr dich zu nutzen. Zur\u00fcck N\u00e4chste Zur\u00fccksetzen Ergebnis anzeigen Dein Ergebnis Beantworte die Fragen, um dein Ergebnis zu sehen.<\/p>","protected":false},"author":1,"featured_media":0,"parent":0,"menu_order":0,"comment_status":"closed","ping_status":"closed","template":"","meta":{"_acf_changed":false,"footnotes":""},"class_list":["post-1993","page","type-page","status-publish","hentry"],"acf":[],"_links":{"self":[{"href":"https:\/\/femmetality.com\/en\/wp-json\/wp\/v2\/pages\/1993","targetHints":{"allow":["GET"]}}],"collection":[{"href":"https:\/\/femmetality.com\/en\/wp-json\/wp\/v2\/pages"}],"about":[{"href":"https:\/\/femmetality.com\/en\/wp-json\/wp\/v2\/types\/page"}],"author":[{"embeddable":true,"href":"https:\/\/femmetality.com\/en\/wp-json\/wp\/v2\/users\/1"}],"replies":[{"embeddable":true,"href":"https:\/\/femmetality.com\/en\/wp-json\/wp\/v2\/comments?post=1993"}],"version-history":[{"count":85,"href":"https:\/\/femmetality.com\/en\/wp-json\/wp\/v2\/pages\/1993\/revisions"}],"predecessor-version":[{"id":2763,"href":"https:\/\/femmetality.com\/en\/wp-json\/wp\/v2\/pages\/1993\/revisions\/2763"}],"wp:attachment":[{"href":"https:\/\/femmetality.com\/en\/wp-json\/wp\/v2\/media?parent=1993"}],"curies":[{"name":"wp","href":"https:\/\/api.w.org\/{rel}","templated":true}]}}