{"id":144,"date":"2023-11-23T12:17:30","date_gmt":"2023-11-23T10:17:30","guid":{"rendered":"https:\/\/femmetality.com\/?page_id=144"},"modified":"2026-02-04T10:17:35","modified_gmt":"2026-02-04T08:17:35","slug":"ueber-mich","status":"publish","type":"page","link":"https:\/\/femmetality.com\/en\/ueber-mich\/","title":{"rendered":"About me"},"content":{"rendered":"\t\t<div data-elementor-type=\"wp-page\" data-elementor-id=\"144\" class=\"elementor elementor-144\" data-elementor-post-type=\"page\">\n\t\t\t\t<div class=\"elementor-element elementor-element-203a20f e-flex e-con-boxed e-con e-parent\" data-id=\"203a20f\" data-element_type=\"container\" data-e-type=\"container\" data-settings=\"{&quot;background_background&quot;:&quot;classic&quot;,&quot;background_motion_fx_motion_fx_scrolling&quot;:&quot;yes&quot;,&quot;background_motion_fx_translateY_effect&quot;:&quot;yes&quot;,&quot;background_motion_fx_translateY_speed&quot;:{&quot;unit&quot;:&quot;px&quot;,&quot;size&quot;:4,&quot;sizes&quot;:[]},&quot;background_motion_fx_translateY_affectedRange&quot;:{&quot;unit&quot;:&quot;%&quot;,&quot;size&quot;:&quot;&quot;,&quot;sizes&quot;:{&quot;start&quot;:0,&quot;end&quot;:100}},&quot;background_motion_fx_devices&quot;:[&quot;desktop&quot;,&quot;tablet&quot;,&quot;mobile&quot;]}\">\n\t\t\t\t\t<div class=\"e-con-inner\">\n\t\t<div class=\"elementor-element elementor-element-57bd944 e-con-full e-flex e-con e-child\" data-id=\"57bd944\" data-element_type=\"container\" data-e-type=\"container\">\n\t\t\t\t<div class=\"elementor-element elementor-element-1ae2c2a elementor-widget elementor-widget-heading\" data-id=\"1ae2c2a\" data-element_type=\"widget\" data-e-type=\"widget\" data-widget_type=\"heading.default\">\n\t\t\t\t\t<h1 class=\"elementor-heading-title elementor-size-default\">Ich bin Ioanna<\/h1>\t\t\t\t<\/div>\n\t\t\t\t<\/div>\n\t\t<div class=\"elementor-element elementor-element-46626a9 e-con-full e-flex e-con e-child\" data-id=\"46626a9\" data-element_type=\"container\" data-e-type=\"container\" data-settings=\"{&quot;background_background&quot;:&quot;classic&quot;}\">\n\t\t\t\t<div class=\"elementor-element elementor-element-efda57f elementor-widget elementor-widget-text-editor\" data-id=\"efda57f\" data-element_type=\"widget\" data-e-type=\"widget\" data-widget_type=\"text-editor.default\">\n\t\t\t\t\t\t\t\t\t<p data-start=\"103\" data-end=\"484\">Coachin, kreative Denkerin und leidenschaftliche Begleiterin f\u00fcr Frauen, die bereit sind, sich selbst zu entdecken. Ich wei\u00df, wie es sich anf\u00fchlt, wenn Selbstzweifel einen zur\u00fcckhalten, wenn man sich selbst im Weg steht und das Gef\u00fchl hat, nicht genug zu sein. Doch ich wei\u00df auch, dass Ver\u00e4nderung m\u00f6glich ist \u2013 und genau dabei m\u00f6chte ich dich unterst\u00fctzen!<\/p><p data-start=\"486\" data-end=\"843\">Meine Mission ist es, Frauen zu zeigen, wie sie ihre innere St\u00e4rke aktivieren, Selbstbewusstsein aufbauen und sich selbst so akzeptieren, wie sie wirklich sind. Dabei kombiniere ich tiefgehende Coaching-Methoden mit NLP-Techniken \u2013 auf eine lockere, praxisnahe Art, die wirklich etwas ver\u00e4ndert. Kein leeres Gerede, sondern echte Werkzeuge f\u00fcr dein Leben.<\/p>\t\t\t\t\t\t\t\t<\/div>\n\t\t\t\t<div class=\"elementor-element elementor-element-a4d2316 elementor-widget elementor-widget-text-editor\" data-id=\"a4d2316\" data-element_type=\"widget\" data-e-type=\"widget\" data-widget_type=\"text-editor.default\">\n\t\t\t\t\t\t\t\t\t<p>Lass uns gemeinsam deine Reise starten \u2013 hin zu mehr Selbstvertrauen, Klarheit und der Freiheit, dein Leben nach deinen eigenen Regeln zu gestalten!\u00a0<\/p>\t\t\t\t\t\t\t\t<\/div>\n\t\t\t\t<div class=\"elementor-element elementor-element-a497108 elementor-widget elementor-widget-button\" data-id=\"a497108\" data-element_type=\"widget\" data-e-type=\"widget\" data-widget_type=\"button.default\">\n\t\t\t\t\t\t\t\t\t\t<a class=\"elementor-button elementor-button-link elementor-size-sm\" href=\"\/kontakt\">\n\t\t\t\t\t\t<span class=\"elementor-button-content-wrapper\">\n\t\t\t\t\t\t\t\t\t<span class=\"elementor-button-text\">Talk to ME!<\/span>\n\t\t\t\t\t<\/span>\n\t\t\t\t\t<\/a>\n\t\t\t\t\t\t\t\t<\/div>\n\t\t\t\t<\/div>\n\t\t\t\t\t<\/div>\n\t\t\t\t<\/div>\n\t\t<div class=\"elementor-element elementor-element-bd06523 e-flex e-con-boxed e-con e-parent\" data-id=\"bd06523\" data-element_type=\"container\" data-e-type=\"container\" data-settings=\"{&quot;background_background&quot;:&quot;classic&quot;}\">\n\t\t\t\t\t<div class=\"e-con-inner\">\n\t\t<div class=\"elementor-element elementor-element-8abdb93 e-con-full e-flex e-con e-child\" data-id=\"8abdb93\" data-element_type=\"container\" data-e-type=\"container\">\n\t\t\t\t<div class=\"elementor-element elementor-element-ac48370 elementor-widget elementor-widget-image\" data-id=\"ac48370\" data-element_type=\"widget\" data-e-type=\"widget\" data-widget_type=\"image.default\">\n\t\t\t\t\t\t\t\t\t\t\t\t\t\t\t<img fetchpriority=\"high\" decoding=\"async\" width=\"459\" height=\"338\" src=\"https:\/\/femmetality.com\/wp-content\/uploads\/2024\/01\/lifestyle-trainer-life-coach-life-coaching-guru-mug1-1.jpg\" class=\"attachment-large size-large wp-image-842\" alt=\"\" srcset=\"https:\/\/femmetality.com\/wp-content\/uploads\/2024\/01\/lifestyle-trainer-life-coach-life-coaching-guru-mug1-1.jpg 459w, https:\/\/femmetality.com\/wp-content\/uploads\/2024\/01\/lifestyle-trainer-life-coach-life-coaching-guru-mug1-1-300x221.jpg 300w\" sizes=\"(max-width: 459px) 100vw, 459px\" \/>\t\t\t\t\t\t\t\t\t\t\t\t\t\t\t<\/div>\n\t\t\t\t<\/div>\n\t\t<div class=\"elementor-element elementor-element-d4dcc8a e-con-full e-flex e-con e-child\" data-id=\"d4dcc8a\" data-element_type=\"container\" data-e-type=\"container\">\n\t\t\t\t<div class=\"elementor-element elementor-element-98b6f53 elementor-icon-list--layout-traditional elementor-list-item-link-full_width elementor-widget elementor-widget-icon-list\" data-id=\"98b6f53\" data-element_type=\"widget\" data-e-type=\"widget\" data-widget_type=\"icon-list.default\">\n\t\t\t\t\t\t\t<ul class=\"elementor-icon-list-items\">\n\t\t\t\t\t\t\t<li class=\"elementor-icon-list-item\">\n\t\t\t\t\t\t\t\t\t\t\t<span class=\"elementor-icon-list-icon\">\n\t\t\t\t\t\t\t<svg aria-hidden=\"true\" class=\"e-font-icon-svg e-fas-gem\" viewBox=\"0 0 576 512\" xmlns=\"http:\/\/www.w3.org\/2000\/svg\"><path d=\"M485.5 0L576 160H474.9L405.7 0h79.8zm-128 0l69.2 160H149.3L218.5 0h139zm-267 0h79.8l-69.2 160H0L90.5 0zM0 192h100.7l123 251.7c1.5 3.1-2.7 5.9-5 3.3L0 192zm148.2 0h279.6l-137 318.2c-1 2.4-4.5 2.4-5.5 0L148.2 192zm204.1 251.7l123-251.7H576L357.3 446.9c-2.3 2.7-6.5-.1-5-3.2z\"><\/path><\/svg>\t\t\t\t\t\t<\/span>\n\t\t\t\t\t\t\t\t\t\t<span class=\"elementor-icon-list-text\">Du wei\u00dft nicht was dir wichtig ist?<\/span>\n\t\t\t\t\t\t\t\t\t<\/li>\n\t\t\t\t\t\t\t\t<li class=\"elementor-icon-list-item\">\n\t\t\t\t\t\t\t\t\t\t\t<span class=\"elementor-icon-list-icon\">\n\t\t\t\t\t\t\t<svg aria-hidden=\"true\" class=\"e-font-icon-svg e-fas-gem\" viewBox=\"0 0 576 512\" xmlns=\"http:\/\/www.w3.org\/2000\/svg\"><path d=\"M485.5 0L576 160H474.9L405.7 0h79.8zm-128 0l69.2 160H149.3L218.5 0h139zm-267 0h79.8l-69.2 160H0L90.5 0zM0 192h100.7l123 251.7c1.5 3.1-2.7 5.9-5 3.3L0 192zm148.2 0h279.6l-137 318.2c-1 2.4-4.5 2.4-5.5 0L148.2 192zm204.1 251.7l123-251.7H576L357.3 446.9c-2.3 2.7-6.5-.1-5-3.2z\"><\/path><\/svg>\t\t\t\t\t\t<\/span>\n\t\t\t\t\t\t\t\t\t\t<span class=\"elementor-icon-list-text\">Du wei\u00dft nicht wohin du dein Leben lenkst und ob du \u00fcberhaupt am Lenker deines Lebens sitzt. <\/span>\n\t\t\t\t\t\t\t\t\t<\/li>\n\t\t\t\t\t\t\t\t<li class=\"elementor-icon-list-item\">\n\t\t\t\t\t\t\t\t\t\t\t<span class=\"elementor-icon-list-icon\">\n\t\t\t\t\t\t\t<svg aria-hidden=\"true\" class=\"e-font-icon-svg e-fas-gem\" viewBox=\"0 0 576 512\" xmlns=\"http:\/\/www.w3.org\/2000\/svg\"><path d=\"M485.5 0L576 160H474.9L405.7 0h79.8zm-128 0l69.2 160H149.3L218.5 0h139zm-267 0h79.8l-69.2 160H0L90.5 0zM0 192h100.7l123 251.7c1.5 3.1-2.7 5.9-5 3.3L0 192zm148.2 0h279.6l-137 318.2c-1 2.4-4.5 2.4-5.5 0L148.2 192zm204.1 251.7l123-251.7H576L357.3 446.9c-2.3 2.7-6.5-.1-5-3.2z\"><\/path><\/svg>\t\t\t\t\t\t<\/span>\n\t\t\t\t\t\t\t\t\t\t<span class=\"elementor-icon-list-text\">Was h\u00e4lt dich so stark zur\u00fcck dass du dieses unbehagliche schlechte Gef\u00fchl in dir tr\u00e4gst?<\/span>\n\t\t\t\t\t\t\t\t\t<\/li>\n\t\t\t\t\t\t<\/ul>\n\t\t\t\t\t\t<\/div>\n\t\t\t\t<div class=\"elementor-element elementor-element-9dc1293 elementor-widget elementor-widget-text-editor\" data-id=\"9dc1293\" data-element_type=\"widget\" data-e-type=\"widget\" data-widget_type=\"text-editor.default\">\n\t\t\t\t\t\t\t\t\t<p>Lass mich dir zeigen was du machen kannst um diese Gef\u00fchle zu verstehen zu ver\u00e4ndern und das wichtigste zu Nutzen!<\/p><p>Du bist voller Wunder und es ist nie zu sp\u00e4t sich neu zu erfinden und entdecken!<\/p>\t\t\t\t\t\t\t\t<\/div>\n\t\t\t\t<\/div>\n\t\t\t\t\t<\/div>\n\t\t\t\t<\/div>\n\t\t<div class=\"elementor-element elementor-element-7c6e97d e-flex e-con-boxed e-con e-parent\" data-id=\"7c6e97d\" data-element_type=\"container\" data-e-type=\"container\" data-settings=\"{&quot;background_background&quot;:&quot;classic&quot;}\">\n\t\t\t\t\t<div class=\"e-con-inner\">\n\t\t<div class=\"elementor-element elementor-element-72dc8de e-con-full e-flex e-con e-child\" data-id=\"72dc8de\" data-element_type=\"container\" data-e-type=\"container\">\n\t\t\t\t<div class=\"elementor-element elementor-element-2e0997c elementor-align-right elementor-widget__width-inherit elementor-widget elementor-widget-button\" data-id=\"2e0997c\" data-element_type=\"widget\" data-e-type=\"widget\" data-widget_type=\"button.default\">\n\t\t\t\t\t\t\t\t\t\t<a class=\"elementor-button elementor-button-link elementor-size-xl\" href=\"https:\/\/femmetality.com\/en\/coaching\/\">\n\t\t\t\t\t\t<span class=\"elementor-button-content-wrapper\">\n\t\t\t\t\t\t\t\t\t<span class=\"elementor-button-text\">Du bist die L\u00f6sung all deiner Probleme! <\/span>\n\t\t\t\t\t<\/span>\n\t\t\t\t\t<\/a>\n\t\t\t\t\t\t\t\t<\/div>\n\t\t\t\t<\/div>\n\t\t<div class=\"elementor-element elementor-element-443a4d7 e-con-full e-flex e-con e-child\" data-id=\"443a4d7\" data-element_type=\"container\" data-e-type=\"container\">\n\t\t\t\t<div class=\"elementor-element elementor-element-6c35a40 elementor-widget elementor-widget-heading\" data-id=\"6c35a40\" data-element_type=\"widget\" data-e-type=\"widget\" data-widget_type=\"heading.default\">\n\t\t\t\t\t<h2 class=\"elementor-heading-title elementor-size-xxl\">\u00dcberraschen Sie sich selbst!\n<\/h2>\t\t\t\t<\/div>\n\t\t\t\t<\/div>\n\t\t\t\t\t<\/div>\n\t\t\t\t<\/div>\n\t\t<div class=\"elementor-element elementor-element-7dc5f3b e-flex e-con-boxed e-con e-parent\" data-id=\"7dc5f3b\" data-element_type=\"container\" data-e-type=\"container\">\n\t\t\t\t\t<div class=\"e-con-inner\">\n\t\t<div class=\"elementor-element elementor-element-b45a25c e-con-full e-flex e-con e-child\" data-id=\"b45a25c\" data-element_type=\"container\" data-e-type=\"container\">\n\t\t\t\t<\/div>\n\t\t<div class=\"elementor-element elementor-element-3b770c9 e-con-full e-flex e-con e-child\" data-id=\"3b770c9\" data-element_type=\"container\" data-e-type=\"container\">\n\t\t\t\t<\/div>\n\t\t\t\t\t<\/div>\n\t\t\t\t<\/div>\n\t\t\t\t<\/div>\n\t\t","protected":false},"excerpt":{"rendered":"<p>Ich bin Ioanna Coachin, kreative Denkerin und leidenschaftliche Begleiterin f\u00fcr Frauen, die bereit sind, sich selbst zu entdecken. Ich wei\u00df, wie es sich anf\u00fchlt, wenn Selbstzweifel einen zur\u00fcckhalten, wenn man sich selbst im Weg steht und das Gef\u00fchl hat, nicht genug zu sein. Doch ich wei\u00df auch, dass Ver\u00e4nderung m\u00f6glich ist \u2013 und genau dabei [&hellip;]<\/p>\n","protected":false},"author":1,"featured_media":0,"parent":0,"menu_order":0,"comment_status":"closed","ping_status":"closed","template":"","meta":{"_acf_changed":false,"footnotes":""},"class_list":["post-144","page","type-page","status-publish","hentry"],"acf":[],"_links":{"self":[{"href":"https:\/\/femmetality.com\/en\/wp-json\/wp\/v2\/pages\/144","targetHints":{"allow":["GET"]}}],"collection":[{"href":"https:\/\/femmetality.com\/en\/wp-json\/wp\/v2\/pages"}],"about":[{"href":"https:\/\/femmetality.com\/en\/wp-json\/wp\/v2\/types\/page"}],"author":[{"embeddable":true,"href":"https:\/\/femmetality.com\/en\/wp-json\/wp\/v2\/users\/1"}],"replies":[{"embeddable":true,"href":"https:\/\/femmetality.com\/en\/wp-json\/wp\/v2\/comments?post=144"}],"version-history":[{"count":244,"href":"https:\/\/femmetality.com\/en\/wp-json\/wp\/v2\/pages\/144\/revisions"}],"predecessor-version":[{"id":2641,"href":"https:\/\/femmetality.com\/en\/wp-json\/wp\/v2\/pages\/144\/revisions\/2641"}],"wp:attachment":[{"href":"https:\/\/femmetality.com\/en\/wp-json\/wp\/v2\/media?parent=144"}],"curies":[{"name":"wp","href":"https:\/\/api.w.org\/{rel}","templated":true}]}}